{"id":384,"date":"2020-09-28T09:45:42","date_gmt":"2020-09-28T09:45:42","guid":{"rendered":"http:\/\/casanovafinanciamentos.com\/?page_id=384"},"modified":"2020-10-07T20:23:12","modified_gmt":"2020-10-07T20:23:12","slug":"simulacao","status":"publish","type":"page","link":"https:\/\/casanovafinanciamentos.com\/index.php\/simulacao\/","title":{"rendered":"Simula\u00e7ao"},"content":{"rendered":"\t\t<div data-elementor-type=\"wp-page\" data-elementor-id=\"384\" class=\"elementor elementor-384\">\n\t\t\t\t\t\t<div class=\"elementor-inner\">\n\t\t\t\t<div class=\"elementor-section-wrap\">\n\t\t\t\t\t\t\t\t\t<section class=\"elementor-section elementor-top-section elementor-element elementor-element-b8f4600 elementor-section-boxed elementor-section-height-default elementor-section-height-default\" data-id=\"b8f4600\" data-element_type=\"section\">\n\t\t\t\t\t\t<div class=\"elementor-container elementor-column-gap-default\">\n\t\t\t\t\t\t\t<div class=\"elementor-row\">\n\t\t\t\t\t<div class=\"elementor-column elementor-col-100 elementor-top-column elementor-element elementor-element-71246d5\" data-id=\"71246d5\" data-element_type=\"column\">\n\t\t\t<div class=\"elementor-column-wrap elementor-element-populated\">\n\t\t\t\t\t\t\t<div class=\"elementor-widget-wrap\">\n\t\t\t\t\t\t<div class=\"elementor-element elementor-element-9fe9dcd elementor-widget elementor-widget-image\" data-id=\"9fe9dcd\" data-element_type=\"widget\" data-widget_type=\"image.default\">\n\t\t\t\t<div class=\"elementor-widget-container\">\n\t\t\t\t\t\t\t\t<div class=\"elementor-image\">\n\t\t\t\t\t\t\t\t\t\t\t\t<img decoding=\"async\" src=\"https:\/\/casanovafinanciamentos.com\/wp-content\/uploads\/2020\/10\/Capa-site-simulacao-2.jpg\" title=\"Capa site simula\u00e7\u00e3o 2\" alt=\"Capa site simula\u00e7\u00e3o 2\" \/>\t\t\t\t\t\t\t\t\t\t\t\t\t\t<\/div>\n\t\t\t\t\t\t<\/div>\n\t\t\t\t<\/div>\n\t\t\t\t<div class=\"elementor-element elementor-element-81b0a22 elementor-widget elementor-widget-heading\" data-id=\"81b0a22\" data-element_type=\"widget\" data-widget_type=\"heading.default\">\n\t\t\t\t<div class=\"elementor-widget-container\">\n\t\t\t<h1 class=\"elementor-heading-title elementor-size-medium\">Preencha com seus dado para fazermos a simula\u00e7\u00e3o<\/h1>\t\t<\/div>\n\t\t\t\t<\/div>\n\t\t\t\t<div class=\"elementor-element elementor-element-b972a4e elementor-widget elementor-widget-wpforms\" data-id=\"b972a4e\" data-element_type=\"widget\" data-widget_type=\"wpforms.default\">\n\t\t\t\t<div class=\"elementor-widget-container\">\n\t\t\t<div class=\"wpforms-container \" id=\"wpforms-381\"><form id=\"wpforms-form-381\" class=\"wpforms-validate wpforms-form\" data-formid=\"381\" method=\"post\" enctype=\"multipart\/form-data\" action=\"\/index.php\/wp-json\/wp\/v2\/pages\/384\" data-token=\"e9c8a095218e6e20bb9fae1c7a49f2ad\"><noscript class=\"wpforms-error-noscript\">Ative o JavaScript no seu navegador para preencher este formul\u00e1rio.<\/noscript><div class=\"wpforms-field-container\"><div id=\"wpforms-381-field_2-container\" class=\"wpforms-field wpforms-field-text\" data-field-id=\"2\"><label class=\"wpforms-field-label\" for=\"wpforms-381-field_2\">Nome <span class=\"wpforms-required-label\">*<\/span><\/label><input type=\"text\" id=\"wpforms-381-field_2\" class=\"wpforms-field-medium wpforms-field-required\" name=\"wpforms[fields][2]\" required><\/div><div id=\"wpforms-381-field_3-container\" class=\"wpforms-field wpforms-field-text\" data-field-id=\"3\"><label class=\"wpforms-field-label\" for=\"wpforms-381-field_3\">Telefone <span class=\"wpforms-required-label\">*<\/span><\/label><input type=\"text\" id=\"wpforms-381-field_3\" class=\"wpforms-field-medium wpforms-field-required\" name=\"wpforms[fields][3]\" required><\/div><div id=\"wpforms-381-field_4-container\" class=\"wpforms-field wpforms-field-text\" data-field-id=\"4\"><label class=\"wpforms-field-label\" for=\"wpforms-381-field_4\">E-mail <span class=\"wpforms-required-label\">*<\/span><\/label><input type=\"text\" id=\"wpforms-381-field_4\" class=\"wpforms-field-medium wpforms-field-required\" name=\"wpforms[fields][4]\" required><\/div><div id=\"wpforms-381-field_5-container\" class=\"wpforms-field wpforms-field-radio\" data-field-id=\"5\"><label class=\"wpforms-field-label\" for=\"wpforms-381-field_5\">Em qual destas categorias o im\u00f3vel se enquadra? <span class=\"wpforms-required-label\">*<\/span><\/label><ul id=\"wpforms-381-field_5\" class=\"wpforms-field-required\"><li class=\"choice-1 depth-1\"><input type=\"radio\" id=\"wpforms-381-field_5_1\" name=\"wpforms[fields][5]\" value=\"Aquisi\u00e7\u00e3o de Im\u00f3vel Novo\" required ><label class=\"wpforms-field-label-inline\" for=\"wpforms-381-field_5_1\">Aquisi\u00e7\u00e3o de Im\u00f3vel Novo<\/label><\/li><li class=\"choice-2 depth-1\"><input type=\"radio\" id=\"wpforms-381-field_5_2\" name=\"wpforms[fields][5]\" value=\"Aquisi\u00e7\u00e3o de Im\u00f3vel Usado\" required ><label class=\"wpforms-field-label-inline\" for=\"wpforms-381-field_5_2\">Aquisi\u00e7\u00e3o de Im\u00f3vel Usado<\/label><\/li><li class=\"choice-3 depth-1\"><input type=\"radio\" id=\"wpforms-381-field_5_3\" name=\"wpforms[fields][5]\" value=\"Aquisi\u00e7\u00e3o de Terreno\" required ><label class=\"wpforms-field-label-inline\" for=\"wpforms-381-field_5_3\">Aquisi\u00e7\u00e3o de Terreno<\/label><\/li><li class=\"choice-4 depth-1\"><input type=\"radio\" id=\"wpforms-381-field_5_4\" name=\"wpforms[fields][5]\" value=\"Aquisi\u00e7\u00e3o de Terreno e Constru\u00e7\u00e3o\" required ><label class=\"wpforms-field-label-inline\" for=\"wpforms-381-field_5_4\">Aquisi\u00e7\u00e3o de Terreno e Constru\u00e7\u00e3o<\/label><\/li><\/ul><\/div><div id=\"wpforms-381-field_6-container\" class=\"wpforms-field wpforms-field-text\" data-field-id=\"6\"><label class=\"wpforms-field-label\" for=\"wpforms-381-field_6\">Valor aproximado do Im\u00f3vel? <span class=\"wpforms-required-label\">*<\/span><\/label><input type=\"text\" id=\"wpforms-381-field_6\" class=\"wpforms-field-medium wpforms-field-required\" name=\"wpforms[fields][6]\" required><\/div><div id=\"wpforms-381-field_7-container\" class=\"wpforms-field wpforms-field-text\" data-field-id=\"7\"><label class=\"wpforms-field-label\" for=\"wpforms-381-field_7\">Em qual cidade est\u00e1 localizado? <span class=\"wpforms-required-label\">*<\/span><\/label><input type=\"text\" id=\"wpforms-381-field_7\" class=\"wpforms-field-medium wpforms-field-required\" name=\"wpforms[fields][7]\" required><\/div><div id=\"wpforms-381-field_8-container\" class=\"wpforms-field wpforms-field-text\" data-field-id=\"8\"><label class=\"wpforms-field-label\" for=\"wpforms-381-field_8\">Renda bruta familiar mensal? <span class=\"wpforms-required-label\">*<\/span><\/label><input type=\"text\" id=\"wpforms-381-field_8\" class=\"wpforms-field-medium wpforms-field-required\" name=\"wpforms[fields][8]\" required><\/div><div id=\"wpforms-381-field_9-container\" class=\"wpforms-field wpforms-field-text\" data-field-id=\"9\"><label class=\"wpforms-field-label\" for=\"wpforms-381-field_9\">Data de nascimento do comprador? <span class=\"wpforms-required-label\">*<\/span><\/label><input type=\"text\" id=\"wpforms-381-field_9\" class=\"wpforms-field-medium wpforms-field-required\" name=\"wpforms[fields][9]\" required><\/div><div id=\"wpforms-381-field_13-container\" class=\"wpforms-field wpforms-field-radio\" data-field-id=\"13\"><label class=\"wpforms-field-label\" for=\"wpforms-381-field_13\">Mais de um comprador ou dependente? <span class=\"wpforms-required-label\">*<\/span><\/label><ul id=\"wpforms-381-field_13\" class=\"wpforms-field-required\"><li class=\"choice-1 depth-1\"><input type=\"radio\" id=\"wpforms-381-field_13_1\" name=\"wpforms[fields][13]\" value=\"Sim\" required ><label class=\"wpforms-field-label-inline\" for=\"wpforms-381-field_13_1\">Sim<\/label><\/li><li class=\"choice-2 depth-1\"><input type=\"radio\" id=\"wpforms-381-field_13_2\" name=\"wpforms[fields][13]\" value=\"N\u00e3o\" required ><label class=\"wpforms-field-label-inline\" for=\"wpforms-381-field_13_2\">N\u00e3o<\/label><\/li><\/ul><\/div><div id=\"wpforms-381-field_14-container\" class=\"wpforms-field wpforms-field-radio\" data-field-id=\"14\"><label class=\"wpforms-field-label\" for=\"wpforms-381-field_14\">J\u00e1 fui beneficiado, ou o im\u00f3vel objeto do financiamento, com subs\u00eddio concedido pelo FGTS\/Uni\u00e3o?*<\/label><ul id=\"wpforms-381-field_14\"><li class=\"choice-1 depth-1\"><input type=\"radio\" id=\"wpforms-381-field_14_1\" name=\"wpforms[fields][14]\" value=\"Sim\"  ><label class=\"wpforms-field-label-inline\" for=\"wpforms-381-field_14_1\">Sim<\/label><\/li><li class=\"choice-2 depth-1\"><input type=\"radio\" id=\"wpforms-381-field_14_2\" name=\"wpforms[fields][14]\" value=\"N\u00e3o\"  ><label class=\"wpforms-field-label-inline\" for=\"wpforms-381-field_14_2\">N\u00e3o<\/label><\/li><\/ul><\/div><div id=\"wpforms-381-field_15-container\" class=\"wpforms-field wpforms-field-radio\" data-field-id=\"15\"><label class=\"wpforms-field-label\" for=\"wpforms-381-field_15\">Por onde voc\u00ea prefere receber sua simula\u00e7\u00e3o? <span class=\"wpforms-required-label\">*<\/span><\/label><ul id=\"wpforms-381-field_15\" class=\"wpforms-field-required\"><li class=\"choice-1 depth-1\"><input type=\"radio\" id=\"wpforms-381-field_15_1\" name=\"wpforms[fields][15]\" value=\"Liga\u00e7\u00e3o\" required ><label class=\"wpforms-field-label-inline\" for=\"wpforms-381-field_15_1\">Liga\u00e7\u00e3o<\/label><\/li><li class=\"choice-2 depth-1\"><input type=\"radio\" id=\"wpforms-381-field_15_2\" name=\"wpforms[fields][15]\" value=\"WhatsApp\" required ><label class=\"wpforms-field-label-inline\" for=\"wpforms-381-field_15_2\">WhatsApp<\/label><\/li><\/ul><\/div><\/div><input type=\"hidden\" name=\"wpforms[recaptcha]\" value=\"\"><div class=\"wpforms-submit-container\"><input type=\"hidden\" name=\"wpforms[id]\" value=\"381\"><input type=\"hidden\" name=\"wpforms[author]\" value=\"1\"><button type=\"submit\" name=\"wpforms[submit]\" id=\"wpforms-submit-381\" class=\"wpforms-submit\" data-alt-text=\"Enviando...\" data-submit-text=\"Enviar\" aria-live=\"assertive\" value=\"wpforms-submit\">Enviar<\/button><\/div><\/form><\/div>  <!-- .wpforms-container -->\t\t<\/div>\n\t\t\t\t<\/div>\n\t\t\t\t\t\t<\/div>\n\t\t\t\t\t<\/div>\n\t\t<\/div>\n\t\t\t\t\t\t\t\t<\/div>\n\t\t\t\t\t<\/div>\n\t\t<\/section>\n\t\t\t\t<section class=\"elementor-section elementor-top-section elementor-element elementor-element-09718d9 elementor-section-boxed elementor-section-height-default elementor-section-height-default\" data-id=\"09718d9\" data-element_type=\"section\">\n\t\t\t\t\t\t<div class=\"elementor-container elementor-column-gap-default\">\n\t\t\t\t\t\t\t<div class=\"elementor-row\">\n\t\t\t\t\t<div class=\"elementor-column elementor-col-50 elementor-top-column elementor-element elementor-element-dc168a5\" data-id=\"dc168a5\" data-element_type=\"column\">\n\t\t\t<div class=\"elementor-column-wrap elementor-element-populated\">\n\t\t\t\t\t\t\t<div class=\"elementor-widget-wrap\">\n\t\t\t\t\t\t<div class=\"elementor-element elementor-element-f93a945 elementor-widget elementor-widget-image\" data-id=\"f93a945\" data-element_type=\"widget\" data-widget_type=\"image.default\">\n\t\t\t\t<div class=\"elementor-widget-container\">\n\t\t\t\t\t\t\t\t<div class=\"elementor-image\">\n\t\t\t\t\t\t\t\t\t\t\t\t<img decoding=\"async\" width=\"150\" height=\"150\" src=\"https:\/\/casanovafinanciamentos.com\/wp-content\/uploads\/2020\/02\/Logo350px-150x150.png\" class=\"attachment-thumbnail size-thumbnail\" alt=\"\" loading=\"lazy\" srcset=\"https:\/\/casanovafinanciamentos.com\/wp-content\/uploads\/2020\/02\/Logo350px-150x150.png 150w, https:\/\/casanovafinanciamentos.com\/wp-content\/uploads\/2020\/02\/Logo350px-300x300.png 300w, https:\/\/casanovafinanciamentos.com\/wp-content\/uploads\/2020\/02\/Logo350px-108x108.png 108w, https:\/\/casanovafinanciamentos.com\/wp-content\/uploads\/2020\/02\/Logo350px.png 350w\" sizes=\"(max-width: 150px) 100vw, 150px\" \/>\t\t\t\t\t\t\t\t\t\t\t\t\t\t<\/div>\n\t\t\t\t\t\t<\/div>\n\t\t\t\t<\/div>\n\t\t\t\t\t\t<\/div>\n\t\t\t\t\t<\/div>\n\t\t<\/div>\n\t\t\t\t<div class=\"elementor-column elementor-col-50 elementor-top-column elementor-element elementor-element-e76c81a\" data-id=\"e76c81a\" data-element_type=\"column\">\n\t\t\t<div class=\"elementor-column-wrap elementor-element-populated\">\n\t\t\t\t\t\t\t<div class=\"elementor-widget-wrap\">\n\t\t\t\t\t\t<div class=\"elementor-element elementor-element-bf6113d elementor-widget elementor-widget-image\" data-id=\"bf6113d\" data-element_type=\"widget\" data-widget_type=\"image.default\">\n\t\t\t\t<div class=\"elementor-widget-container\">\n\t\t\t\t\t\t\t\t<div class=\"elementor-image\">\n\t\t\t\t\t\t\t\t\t\t\t\t<img decoding=\"async\" width=\"150\" height=\"150\" src=\"https:\/\/casanovafinanciamentos.com\/wp-content\/uploads\/2020\/10\/Logo-Caixa-Aqui-PNG-150x150.png\" class=\"attachment-thumbnail size-thumbnail\" alt=\"\" loading=\"lazy\" srcset=\"https:\/\/casanovafinanciamentos.com\/wp-content\/uploads\/2020\/10\/Logo-Caixa-Aqui-PNG-150x150.png 150w, https:\/\/casanovafinanciamentos.com\/wp-content\/uploads\/2020\/10\/Logo-Caixa-Aqui-PNG.png 252w\" sizes=\"(max-width: 150px) 100vw, 150px\" \/>\t\t\t\t\t\t\t\t\t\t\t\t\t\t<\/div>\n\t\t\t\t\t\t<\/div>\n\t\t\t\t<\/div>\n\t\t\t\t\t\t<\/div>\n\t\t\t\t\t<\/div>\n\t\t<\/div>\n\t\t\t\t\t\t\t\t<\/div>\n\t\t\t\t\t<\/div>\n\t\t<\/section>\n\t\t\t\t\t\t\t\t\t<\/div>\n\t\t\t<\/div>\n\t\t\t\t\t<\/div>\n\t\t","protected":false},"excerpt":{"rendered":"<p>Preencha com seus dado para fazermos a simula\u00e7\u00e3o<\/p>\n","protected":false},"author":1,"featured_media":0,"parent":0,"menu_order":0,"comment_status":"closed","ping_status":"closed","template":"","meta":[],"_links":{"self":[{"href":"https:\/\/casanovafinanciamentos.com\/index.php\/wp-json\/wp\/v2\/pages\/384"}],"collection":[{"href":"https:\/\/casanovafinanciamentos.com\/index.php\/wp-json\/wp\/v2\/pages"}],"about":[{"href":"https:\/\/casanovafinanciamentos.com\/index.php\/wp-json\/wp\/v2\/types\/page"}],"author":[{"embeddable":true,"href":"https:\/\/casanovafinanciamentos.com\/index.php\/wp-json\/wp\/v2\/users\/1"}],"replies":[{"embeddable":true,"href":"https:\/\/casanovafinanciamentos.com\/index.php\/wp-json\/wp\/v2\/comments?post=384"}],"version-history":[{"count":15,"href":"https:\/\/casanovafinanciamentos.com\/index.php\/wp-json\/wp\/v2\/pages\/384\/revisions"}],"predecessor-version":[{"id":537,"href":"https:\/\/casanovafinanciamentos.com\/index.php\/wp-json\/wp\/v2\/pages\/384\/revisions\/537"}],"wp:attachment":[{"href":"https:\/\/casanovafinanciamentos.com\/index.php\/wp-json\/wp\/v2\/media?parent=384"}],"curies":[{"name":"wp","href":"https:\/\/api.w.org\/{rel}","templated":true}]}}