{"id":841,"date":"2022-11-04T17:02:57","date_gmt":"2022-11-04T17:02:57","guid":{"rendered":"https:\/\/casanovafinanciamentos.com\/?page_id=841"},"modified":"2022-11-04T18:11:14","modified_gmt":"2022-11-04T18:11:14","slug":"consorcio-2","status":"publish","type":"page","link":"https:\/\/casanovafinanciamentos.com\/index.php\/consorcio-2\/","title":{"rendered":""},"content":{"rendered":"\n<p>Cons\u00f3rcio \u00e9 uma uni\u00e3o de clientes que financiam juntos a compra de bens (carro, moto, casa, apartamentos, etc). Assim somasse o valor de todos os bens pretendidos pelos participantes do cons\u00f3rcio e divide-se em presta\u00e7\u00f5es para todos.&lt;br \/&gt;Mensalmente&nbsp;cada consorciado&nbsp;paga&nbsp;o valor da presta\u00e7\u00e3o para o fundo comum do cons\u00f3rcio.&lt;br \/&gt;Todo m\u00eas acontece uma reuni\u00e3o chamada de assembleia para definir o pr\u00f3ximo contemplado. Essa defini\u00e7\u00e3o \u00e9 feita por sorteio ou lance.&lt;br \/&gt;O dinheiro para a compra do produto vem das presta\u00e7\u00f5es mensais pagas pelos consorciados. Ao ser contemplado o mesmo deve pagar as presta\u00e7\u00f5es at\u00e9 quitar sua parte. Voc\u00ea pode dar um lance para antecipar sua chance de obter o bem, se caso o fundo comum tiver dinheiro para comprar um ou mais bens os lances de maior valor ser\u00e1 contemplado, o valor do lance s\u00f3 ser\u00e1 recolhido se o mesmo for contemplado e ser\u00e1 abatido&nbsp; das pr\u00f3ximas parcelas<\/p>\n","protected":false},"excerpt":{"rendered":"<p>Cons\u00f3rcio \u00e9 uma uni\u00e3o de clientes que financiam juntos a compra de bens (carro, moto, casa, apartamentos, etc). Assim somasse o valor de todos os bens pretendidos pelos participantes do cons\u00f3rcio e divide-se em presta\u00e7\u00f5es para todos.&lt;br \/&gt;Mensalmente&nbsp;cada consorciado&nbsp;paga&nbsp;o valor da presta\u00e7\u00e3o para o fundo comum do cons\u00f3rcio.&lt;br \/&gt;Todo m\u00eas acontece uma reuni\u00e3o chamada de &hellip;<\/p>\n<p class=\"read-more\"> <a class=\"\" href=\"https:\/\/casanovafinanciamentos.com\/index.php\/consorcio-2\/\">  Leia mais &raquo;<\/a><\/p>\n","protected":false},"author":1,"featured_media":0,"parent":0,"menu_order":0,"comment_status":"closed","ping_status":"closed","template":"","meta":[],"_links":{"self":[{"href":"https:\/\/casanovafinanciamentos.com\/index.php\/wp-json\/wp\/v2\/pages\/841"}],"collection":[{"href":"https:\/\/casanovafinanciamentos.com\/index.php\/wp-json\/wp\/v2\/pages"}],"about":[{"href":"https:\/\/casanovafinanciamentos.com\/index.php\/wp-json\/wp\/v2\/types\/page"}],"author":[{"embeddable":true,"href":"https:\/\/casanovafinanciamentos.com\/index.php\/wp-json\/wp\/v2\/users\/1"}],"replies":[{"embeddable":true,"href":"https:\/\/casanovafinanciamentos.com\/index.php\/wp-json\/wp\/v2\/comments?post=841"}],"version-history":[{"count":2,"href":"https:\/\/casanovafinanciamentos.com\/index.php\/wp-json\/wp\/v2\/pages\/841\/revisions"}],"predecessor-version":[{"id":845,"href":"https:\/\/casanovafinanciamentos.com\/index.php\/wp-json\/wp\/v2\/pages\/841\/revisions\/845"}],"wp:attachment":[{"href":"https:\/\/casanovafinanciamentos.com\/index.php\/wp-json\/wp\/v2\/media?parent=841"}],"curies":[{"name":"wp","href":"https:\/\/api.w.org\/{rel}","templated":true}]}}